{"id":723,"date":"2026-02-25T07:14:37","date_gmt":"2026-02-25T07:14:37","guid":{"rendered":"https:\/\/winddemo.com\/grlmarine\/?post_type=product&#038;p=723"},"modified":"2026-02-25T07:14:37","modified_gmt":"2026-02-25T07:14:37","slug":"anschutz-ecdis-nx-compact","status":"publish","type":"product","link":"https:\/\/www.grlmarine.com\/index.php\/urun\/anschutz-ecdis-nx-compact\/","title":{"rendered":"ANSCHUTZ ECDIS NX COMPACT"},"content":{"rendered":"<p><span dir=\"auto\" style=\"vertical-align: inherit;\"><span dir=\"auto\" style=\"vertical-align: inherit;\">Modern, net ve yap\u0131land\u0131r\u0131lm\u0131\u015f kullan\u0131c\u0131 aray\u00fcz\u00fc sayesinde kullan\u0131m\u0131 sezgiseldir.<\/span><\/span><\/p>\n<p><span dir=\"auto\" style=\"vertical-align: inherit;\"><span dir=\"auto\" style=\"vertical-align: inherit;\">\u2022 \u00c7oklu dokunma ve sezgisel etkile\u015fim kal\u0131plar\u0131 (\u00f6rne\u011fin, i\u015faretle-grafikle, s\u00fcr\u00fckle-b\u0131rak veya geri \u00e7ekilebilir paneller) <\/span><\/span><br \/>\n<span dir=\"auto\" style=\"vertical-align: inherit;\"><span dir=\"auto\" style=\"vertical-align: inherit;\">\u2022 Standart kullan\u0131m durumlar\u0131 i\u00e7in h\u0131zl\u0131 eri\u015fim \u00e7ubu\u011fu ve sihirbaz y\u00f6nlendirmeli i\u015f ak\u0131\u015flar\u0131 <\/span><\/span><br \/>\n<span dir=\"auto\" style=\"vertical-align: inherit;\"><span dir=\"auto\" style=\"vertical-align: inherit;\">\u2022 G\u00f6m\u00fcl\u00fc \u00e7evrimi\u00e7i kullan\u0131c\u0131 k\u0131lavuzu ve \u00fccretsiz \u00e7evrimi\u00e7i t\u00fcre \u00f6zel ECDIS e\u011fitimi<\/span><\/span><\/p>\n<p><span dir=\"auto\" style=\"vertical-align: inherit;\"><span dir=\"auto\" style=\"vertical-align: inherit;\">Gelece\u011fe haz\u0131r: mod\u00fcler \u00f6zellikler ve standartlara uygunluk.<\/span><\/span><\/p>\n<p><span dir=\"auto\" style=\"vertical-align: inherit;\"><span dir=\"auto\" style=\"vertical-align: inherit;\">\u2022 Gelece\u011fe y\u00f6nelik donan\u0131m ve i\u015fletim sistemi <\/span><\/span><br \/>\n<span dir=\"auto\" style=\"vertical-align: inherit;\"><span dir=\"auto\" style=\"vertical-align: inherit;\">\u2022 S\u00fcrekli yaz\u0131l\u0131m uyumlulu\u011fu (\u00f6rne\u011fin S-100 gibi yeni ECDIS test standartlar\u0131) <\/span><\/span><br \/>\n<span dir=\"auto\" style=\"vertical-align: inherit;\"><span dir=\"auto\" style=\"vertical-align: inherit;\">\u2022 Geni\u015fleyen mod\u00fcler \u00f6zellikler yelpazesi, kolay g\u00fcncelleme <\/span><\/span><br \/>\n<span dir=\"auto\" style=\"vertical-align: inherit;\"><span dir=\"auto\" style=\"vertical-align: inherit;\">\u2022 Yard\u0131ma ihtiyac\u0131n\u0131z olmas\u0131 durumunda k\u00fcresel servis a\u011f\u0131<\/span><\/span><\/p>\n<p><span dir=\"auto\" style=\"vertical-align: inherit;\"><span dir=\"auto\" style=\"vertical-align: inherit;\">En ba\u015f\u0131ndan itibaren g\u00fcvenilirlik, daha d\u00fc\u015f\u00fck maliyet ve \u00e7aba.<\/span><\/span><\/p>\n<p><span dir=\"auto\" style=\"vertical-align: inherit;\"><span dir=\"auto\" style=\"vertical-align: inherit;\">\u2022 \u201cTak ve \u00e7al\u0131\u015ft\u0131r\u201d: toplam kurulum s\u00fcresi yakla\u015f\u0131k bir saattir <\/span><\/span><br \/>\n<span dir=\"auto\" style=\"vertical-align: inherit;\"><span dir=\"auto\" style=\"vertical-align: inherit;\">\u2022 Yaz\u0131l\u0131m kurulumu ve g\u00fcncellemesi, Sihirbaz arac\u0131l\u0131\u011f\u0131yla desteklenen USB \u00fczerinden yap\u0131l\u0131r <\/span><\/span><br \/>\n<span dir=\"auto\" style=\"vertical-align: inherit;\"><span dir=\"auto\" style=\"vertical-align: inherit;\">\u2022 Kurulum s\u0131ras\u0131nda se\u00e7ilebilen d\u00f6rt standart yap\u0131land\u0131rma haz\u0131rlanm\u0131\u015ft\u0131r <\/span><\/span><br \/>\n<span dir=\"auto\" style=\"vertical-align: inherit;\"><span dir=\"auto\" style=\"vertical-align: inherit;\">\u2022 Donan\u0131m kurulumu ve kablolama standart prosed\u00fcrlere g\u00f6re yap\u0131l\u0131r<\/span><\/span><\/p>\n","protected":false},"excerpt":{"rendered":"<p><span dir=\"auto\" style=\"vertical-align: inherit;\"><span dir=\"auto\" style=\"vertical-align: inherit;\">Elektronik Harita G\u00f6r\u00fcnt\u00fcleme ve Bilgi Sistemi (ECDIS), Elektronik Seyir Haritalar\u0131ndan (ENC) gelen bilgileri g\u00f6r\u00fcnt\u00fcler ve maksimum fark\u0131ndal\u0131k d\u00fczeyi i\u00e7in birden fazla sens\u00f6r bilgisini ortak bir ekranda birle\u015ftirir.<\/span><\/span><\/p>\n<p><span dir=\"auto\" style=\"vertical-align: inherit;\"><span dir=\"auto\" style=\"vertical-align: inherit;\">ECDIS NX Compact, 24 in\u00e7 \u00e7oklu dokunmatik panel PC ve ECDIS NX yaz\u0131l\u0131m\u0131ndan olu\u015fan \u00f6nceden yap\u0131land\u0131r\u0131lm\u0131\u015f bir sistemdir. &#8220;Tak ve \u00e7al\u0131\u015ft\u0131r&#8221; kurulumu sunar ve rekabet\u00e7i bir fiyata benzersiz kullan\u0131c\u0131 dostu ve kolay kullan\u0131m deste\u011fi sa\u011flar. Yenileme projeleri i\u00e7in optimize edilmi\u015f olan ECDIS NX Compact, Ethernet ve IEC 61161-1 (NMEA) aray\u00fczleriyle donat\u0131lm\u0131\u015ft\u0131r.<\/span><\/span><\/p>\n","protected":false},"featured_media":724,"template":"","meta":[],"product_brand":[],"product_cat":[59],"product_tag":[],"class_list":{"0":"post-723","1":"product","2":"type-product","3":"status-publish","4":"has-post-thumbnail","6":"product_cat-anschutz","8":"first","9":"instock","10":"shipping-taxable","11":"product-type-simple"},"_links":{"self":[{"href":"https:\/\/www.grlmarine.com\/index.php\/wp-json\/wp\/v2\/product\/723","targetHints":{"allow":["GET"]}}],"collection":[{"href":"https:\/\/www.grlmarine.com\/index.php\/wp-json\/wp\/v2\/product"}],"about":[{"href":"https:\/\/www.grlmarine.com\/index.php\/wp-json\/wp\/v2\/types\/product"}],"wp:featuredmedia":[{"embeddable":true,"href":"https:\/\/www.grlmarine.com\/index.php\/wp-json\/wp\/v2\/media\/724"}],"wp:attachment":[{"href":"https:\/\/www.grlmarine.com\/index.php\/wp-json\/wp\/v2\/media?parent=723"}],"wp:term":[{"taxonomy":"product_brand","embeddable":true,"href":"https:\/\/www.grlmarine.com\/index.php\/wp-json\/wp\/v2\/product_brand?post=723"},{"taxonomy":"product_cat","embeddable":true,"href":"https:\/\/www.grlmarine.com\/index.php\/wp-json\/wp\/v2\/product_cat?post=723"},{"taxonomy":"product_tag","embeddable":true,"href":"https:\/\/www.grlmarine.com\/index.php\/wp-json\/wp\/v2\/product_tag?post=723"}],"curies":[{"name":"wp","href":"https:\/\/api.w.org\/{rel}","templated":true}]}}